{"id":8,"date":"2022-06-28T19:52:32","date_gmt":"2022-06-28T19:52:32","guid":{"rendered":"https:\/\/omarcorralesmora.com\/?page_id=8"},"modified":"2022-07-08T15:05:43","modified_gmt":"2022-07-08T15:05:43","slug":"about","status":"publish","type":"page","link":"https:\/\/omarcorralesmora.com\/es\/","title":{"rendered":"Biograf\u00eda"},"content":{"rendered":"<p style=\"text-align: justify;\"><span style=\"font-family: arial, helvetica, sans-serif; font-size: 14pt;\">Omar Corrales Mora was born in Havana, Cuba and graduated from the Academia de Artes Pl\u00e1sticas San Alejandro, specializing in painting, engraving and sculpture. <\/span><span style=\"font-family: arial, helvetica, sans-serif; font-size: 14pt;\">Omar fue tambi\u00e9n professor de perspectiva en el Instituto Superior de Arte (ISA) junto al maestro Armando Suarez del Villar.<\/span><br \/>\n<span style=\"font-family: arial, helvetica, sans-serif; font-size: 14pt;\"><br \/>\nSince 1989 Omar has worked on stage sets for different entities such as the National Ballet of Cuba, The Cuban Institute of Art and Cinematographic Industries (ICAIC), The National Opera of Cuba, The Martinique Ballet, The Victor Ullate Ballet, The ProDanza Center, The Jazz Plaza Festival, The National Circus of Cuba, UNEAC, Boleros de Oro,&nbsp; among many more.<\/span><\/p>\n<p style=\"text-align: justify;\"><span style=\"font-family: arial, helvetica, sans-serif; font-size: 14pt;\">Omar ha impartido numerosos cursos, talleres y conferencias en Cuba, Venezuela, Costa Rica, Panam\u00e1 y Colombia. Sus trabajos han sido expuestos en importantes galer\u00edas y museos de Cuba y el mundo. Ganador del premio Sal\u00f3n de la Ciudad y 2do lugar en Sal\u00f3n Juvenil. Su exhibici\u00f3n permanente est\u00e1 en Futurama Art Building en la Peque\u00f1a Havana.<\/span><\/p>","protected":false},"excerpt":{"rendered":"<p>Omar Corrales Mora was born in Havana, Cuba and graduated from the Academia de Artes Pl\u00e1sticas San Alejandro, specializing in painting, engraving and sculpture. Omar was also a professor at the Instituto Superior de Arte (ISA) alongside renowned professor, Armando Suarez del Villar. Since 1989 Omar has worked on stage sets for different entities such&hellip; <a class=\"more-link\" href=\"https:\/\/omarcorralesmora.com\/es\/\">Seguir leyendo <span class=\"screen-reader-text\">Biograf\u00eda<\/span><\/a><\/p>","protected":false},"author":2,"featured_media":0,"parent":0,"menu_order":0,"comment_status":"closed","ping_status":"closed","template":"","meta":{"footnotes":"","_links_to":"","_links_to_target":""},"class_list":["post-8","page","type-page","status-publish","hentry","entry"],"yoast_head":"<!-- This site is optimized with the Yoast SEO plugin v27.4 - https:\/\/yoast.com\/product\/yoast-seo-wordpress\/ -->\n<title>Biography - Omar Corrales Mora<\/title>\n<meta name=\"robots\" content=\"index, follow, max-snippet:-1, max-image-preview:large, max-video-preview:-1\" \/>\n<link rel=\"canonical\" href=\"https:\/\/omarcorralesmora.com\/es\/\" \/>\n<meta property=\"og:locale\" content=\"es_ES\" \/>\n<meta property=\"og:type\" content=\"article\" \/>\n<meta property=\"og:title\" content=\"Biography - Omar Corrales Mora\" \/>\n<meta property=\"og:description\" content=\"Omar Corrales Mora was born in Havana, Cuba and graduated from the Academia de Artes Pl\u00e1sticas San Alejandro, specializing in painting, engraving and sculpture. Omar was also a professor at the Instituto Superior de Arte (ISA) alongside renowned professor, Armando Suarez del Villar. Since 1989 Omar has worked on stage sets for different entities such&hellip; Seguir leyendo Biography\" \/>\n<meta property=\"og:url\" content=\"https:\/\/omarcorralesmora.com\/es\/\" \/>\n<meta property=\"og:site_name\" content=\"Omar Corrales Mora\" \/>\n<meta property=\"article:modified_time\" content=\"2022-07-08T15:05:43+00:00\" \/>\n<meta name=\"twitter:card\" content=\"summary_large_image\" \/>\n<meta name=\"twitter:label1\" content=\"Tiempo de lectura\" \/>\n\t<meta name=\"twitter:data1\" content=\"1 minuto\" \/>\n<script type=\"application\/ld+json\" class=\"yoast-schema-graph\">{\"@context\":\"https:\\\/\\\/schema.org\",\"@graph\":[{\"@type\":\"WebPage\",\"@id\":\"https:\\\/\\\/omarcorralesmora.com\\\/\",\"url\":\"https:\\\/\\\/omarcorralesmora.com\\\/\",\"name\":\"Biography - Omar Corrales Mora\",\"isPartOf\":{\"@id\":\"https:\\\/\\\/omarcorralesmora.com\\\/#website\"},\"datePublished\":\"2022-06-28T19:52:32+00:00\",\"dateModified\":\"2022-07-08T15:05:43+00:00\",\"breadcrumb\":{\"@id\":\"https:\\\/\\\/omarcorralesmora.com\\\/#breadcrumb\"},\"inLanguage\":\"es\",\"potentialAction\":[{\"@type\":\"ReadAction\",\"target\":[\"https:\\\/\\\/omarcorralesmora.com\\\/\"]}]},{\"@type\":\"BreadcrumbList\",\"@id\":\"https:\\\/\\\/omarcorralesmora.com\\\/#breadcrumb\",\"itemListElement\":[{\"@type\":\"ListItem\",\"position\":1,\"name\":\"Home\",\"item\":\"https:\\\/\\\/omarcorralesmora.com\\\/\"},{\"@type\":\"ListItem\",\"position\":2,\"name\":\"Biography\"}]},{\"@type\":\"WebSite\",\"@id\":\"https:\\\/\\\/omarcorralesmora.com\\\/#website\",\"url\":\"https:\\\/\\\/omarcorralesmora.com\\\/\",\"name\":\"Omar Corrales Mora\",\"description\":\"Cuban Painter\",\"potentialAction\":[{\"@type\":\"SearchAction\",\"target\":{\"@type\":\"EntryPoint\",\"urlTemplate\":\"https:\\\/\\\/omarcorralesmora.com\\\/?s={search_term_string}\"},\"query-input\":{\"@type\":\"PropertyValueSpecification\",\"valueRequired\":true,\"valueName\":\"search_term_string\"}}],\"inLanguage\":\"es\"}]}<\/script>\n<!-- \/ Yoast SEO plugin. -->","yoast_head_json":{"title":"Biography - Omar Corrales Mora","robots":{"index":"index","follow":"follow","max-snippet":"max-snippet:-1","max-image-preview":"max-image-preview:large","max-video-preview":"max-video-preview:-1"},"canonical":"https:\/\/omarcorralesmora.com\/es\/","og_locale":"es_ES","og_type":"article","og_title":"Biography - Omar Corrales Mora","og_description":"Omar Corrales Mora was born in Havana, Cuba and graduated from the Academia de Artes Pl\u00e1sticas San Alejandro, specializing in painting, engraving and sculpture. Omar was also a professor at the Instituto Superior de Arte (ISA) alongside renowned professor, Armando Suarez del Villar. Since 1989 Omar has worked on stage sets for different entities such&hellip; Seguir leyendo Biography","og_url":"https:\/\/omarcorralesmora.com\/es\/","og_site_name":"Omar Corrales Mora","article_modified_time":"2022-07-08T15:05:43+00:00","twitter_card":"summary_large_image","twitter_misc":{"Tiempo de lectura":"1 minuto"},"schema":{"@context":"https:\/\/schema.org","@graph":[{"@type":"WebPage","@id":"https:\/\/omarcorralesmora.com\/","url":"https:\/\/omarcorralesmora.com\/","name":"Biography - Omar Corrales Mora","isPartOf":{"@id":"https:\/\/omarcorralesmora.com\/#website"},"datePublished":"2022-06-28T19:52:32+00:00","dateModified":"2022-07-08T15:05:43+00:00","breadcrumb":{"@id":"https:\/\/omarcorralesmora.com\/#breadcrumb"},"inLanguage":"es","potentialAction":[{"@type":"ReadAction","target":["https:\/\/omarcorralesmora.com\/"]}]},{"@type":"BreadcrumbList","@id":"https:\/\/omarcorralesmora.com\/#breadcrumb","itemListElement":[{"@type":"ListItem","position":1,"name":"Home","item":"https:\/\/omarcorralesmora.com\/"},{"@type":"ListItem","position":2,"name":"Biography"}]},{"@type":"WebSite","@id":"https:\/\/omarcorralesmora.com\/#website","url":"https:\/\/omarcorralesmora.com\/","name":"Omar Corrales Mora","description":"Pintor Cubano","potentialAction":[{"@type":"SearchAction","target":{"@type":"EntryPoint","urlTemplate":"https:\/\/omarcorralesmora.com\/?s={search_term_string}"},"query-input":{"@type":"PropertyValueSpecification","valueRequired":true,"valueName":"search_term_string"}}],"inLanguage":"es"}]}},"jetpack_sharing_enabled":true,"_links":{"self":[{"href":"https:\/\/omarcorralesmora.com\/es\/wp-json\/wp\/v2\/pages\/8","targetHints":{"allow":["GET"]}}],"collection":[{"href":"https:\/\/omarcorralesmora.com\/es\/wp-json\/wp\/v2\/pages"}],"about":[{"href":"https:\/\/omarcorralesmora.com\/es\/wp-json\/wp\/v2\/types\/page"}],"author":[{"embeddable":true,"href":"https:\/\/omarcorralesmora.com\/es\/wp-json\/wp\/v2\/users\/2"}],"replies":[{"embeddable":true,"href":"https:\/\/omarcorralesmora.com\/es\/wp-json\/wp\/v2\/comments?post=8"}],"version-history":[{"count":9,"href":"https:\/\/omarcorralesmora.com\/es\/wp-json\/wp\/v2\/pages\/8\/revisions"}],"predecessor-version":[{"id":782,"href":"https:\/\/omarcorralesmora.com\/es\/wp-json\/wp\/v2\/pages\/8\/revisions\/782"}],"wp:attachment":[{"href":"https:\/\/omarcorralesmora.com\/es\/wp-json\/wp\/v2\/media?parent=8"}],"curies":[{"name":"wp","href":"https:\/\/api.w.org\/{rel}","templated":true}]}}